{"id":108,"date":"2021-05-31T22:36:37","date_gmt":"2021-05-31T22:36:37","guid":{"rendered":"http:\/\/nils-weber-mg.de\/?page_id=108"},"modified":"2025-06-14T17:31:41","modified_gmt":"2025-06-14T17:31:41","slug":"auto-segelyacht-flugzeugpolster","status":"publish","type":"page","link":"https:\/\/nils-weber-mg.de\/","title":{"rendered":"Willkommen"},"content":{"rendered":"\n<h3 class=\"has-text-align-center\">Einen Augenblick f\u00fcr selbstredende Produktansichten sollten Sie sich g\u00f6nnen.<br><br><\/h3>\n\n\n<style>.wp-block-kadence-advancedgallery.kb-gallery-wrap-id-108_16a69c-ae{margin-top:-50px;margin-right:-50px;margin-bottom:-50px;margin-left:-50px;}.kb-gallery-id-108_16a69c-ae .kadence-blocks-gallery-item .kb-gal-image-radius, .kb-gallery-id-108_16a69c-ae .kb-slide-item .kb-gal-image-radius img{border-radius:13px 13px 13px 13px;;}.kb-gallery-wrap-id-108_16a69c-ae.wp-block-kadence-advancedgallery{overflow:visible;}.kb-gallery-wrap-id-108_16a69c-ae.wp-block-kadence-advancedgallery .kt-blocks-carousel{overflow:visible;}.kb-gallery-id-108_16a69c-ae .splide.kt-carousel-dotstyle-outlinelight .splide__pagination__page{background-color:transparent;box-shadow:inset 0 0 0 1px #fff;-webkit-transition:box-shadow 0.3s ease;-moz-transition:box-shadow 0.3s ease;transition:box-shadow 0.3s ease;}.kb-gallery-id-108_16a69c-ae .splide.kt-carousel-dotstyle-outlinelight .splide__pagination__page.is-active{background-color:transparent;box-shadow:inset 0 0 0 8px #fff;}<\/style><div class=\"kb-gallery-wrap-id-108_16a69c-ae alignnone wp-block-kadence-advancedgallery\"><div class=\"kb-gallery-ul kb-gallery-non-static kb-gallery-type-slider kb-gallery-id-108_16a69c-ae kb-gallery-caption-style-bottom-hover kb-gallery-filter-none\" data-image-filter=\"none\" data-lightbox-caption=\"true\"><div class=\"kt-blocks-carousel splide kt-carousel-container-dotstyle-outlinelight kt-carousel-arrowstyle-blackonlight kt-carousel-dotstyle-outlinelight kb-slider-group-arrow kb-slider-arrow-position-center\" data-slider-anim-speed=\"850\" data-slider-scroll=\"1\" data-slider-arrows=\"true\" data-slider-fade=\"true\" data-slider-dots=\"true\" data-slider-type=\"slider\" data-slider-hover-pause=\"false\" data-slider-auto=\"\" data-slider-speed=\"4630\" data-show-pause-button=\"false\"><div class=\"splide__track\"><ul class=\"kt-blocks-carousel-init kb-blocks-slider splide__list\"><li class=\"kb-slide-item kb-gallery-slide-item splide__slide\"><div class=\"kadence-blocks-gallery-item\"><div class=\"kadence-blocks-gallery-item-inner\"><figure class=\"kb-gallery-figure kadence-blocks-gallery-item-hide-caption\"><div class=\"kb-gal-image-radius\"><div class=\"kb-gallery-image-contain kadence-blocks-gallery-intrinsic kb-gallery-image-ratio-inherit kb-has-image-ratio-inherit\" ><img loading=\"lazy\" decoding=\"async\" src=\"http:\/\/nils-weber-mg.de\/wp-content\/uploads\/2021\/06\/VW-Rote-Sitze-1024x615.png\" width=\"525\" height=\"315\" alt=\"VW Rote Sitzgarnitur\" data-full-image=\"http:\/\/nils-weber-mg.de\/wp-content\/uploads\/2021\/06\/VW-Rote-Sitze.png\" data-light-image=\"http:\/\/nils-weber-mg.de\/wp-content\/uploads\/2021\/06\/VW-Rote-Sitze.png\" data-id=\"406\" class=\"wp-image-406 skip-lazy\" srcset=\"https:\/\/nils-weber-mg.de\/wp-content\/uploads\/2021\/06\/VW-Rote-Sitze-1024x615.png 1024w, https:\/\/nils-weber-mg.de\/wp-content\/uploads\/2021\/06\/VW-Rote-Sitze-300x180.png 300w, https:\/\/nils-weber-mg.de\/wp-content\/uploads\/2021\/06\/VW-Rote-Sitze-768x462.png 768w, https:\/\/nils-weber-mg.de\/wp-content\/uploads\/2021\/06\/VW-Rote-Sitze-1536x923.png 1536w, https:\/\/nils-weber-mg.de\/wp-content\/uploads\/2021\/06\/VW-Rote-Sitze.png 2000w\" sizes=\"auto, (max-width: 525px) 100vw, 525px\" \/><\/div><\/div><\/figure><\/div><\/div><\/li><li class=\"kb-slide-item kb-gallery-slide-item splide__slide\"><div class=\"kadence-blocks-gallery-item\"><div class=\"kadence-blocks-gallery-item-inner\"><figure class=\"kb-gallery-figure kadence-blocks-gallery-item-hide-caption\"><div class=\"kb-gal-image-radius\"><div class=\"kb-gallery-image-contain kadence-blocks-gallery-intrinsic kb-gallery-image-ratio-inherit kb-has-image-ratio-inherit\" ><img loading=\"lazy\" decoding=\"async\" src=\"http:\/\/nils-weber-mg.de\/wp-content\/uploads\/2021\/06\/01-Mercedes-w111-1024x615.png\" width=\"525\" height=\"315\" alt=\"\" data-full-image=\"http:\/\/nils-weber-mg.de\/wp-content\/uploads\/2021\/06\/01-Mercedes-w111.png\" data-light-image=\"http:\/\/nils-weber-mg.de\/wp-content\/uploads\/2021\/06\/01-Mercedes-w111.png\" data-id=\"493\" class=\"wp-image-493 skip-lazy\" srcset=\"https:\/\/nils-weber-mg.de\/wp-content\/uploads\/2021\/06\/01-Mercedes-w111-1024x615.png 1024w, https:\/\/nils-weber-mg.de\/wp-content\/uploads\/2021\/06\/01-Mercedes-w111-300x180.png 300w, https:\/\/nils-weber-mg.de\/wp-content\/uploads\/2021\/06\/01-Mercedes-w111-768x461.png 768w, https:\/\/nils-weber-mg.de\/wp-content\/uploads\/2021\/06\/01-Mercedes-w111-1536x922.png 1536w, https:\/\/nils-weber-mg.de\/wp-content\/uploads\/2021\/06\/01-Mercedes-w111.png 2000w\" sizes=\"auto, (max-width: 525px) 100vw, 525px\" \/><\/div><\/div><\/figure><\/div><\/div><\/li><li class=\"kb-slide-item kb-gallery-slide-item splide__slide\"><div class=\"kadence-blocks-gallery-item\"><div class=\"kadence-blocks-gallery-item-inner\"><figure class=\"kb-gallery-figure kadence-blocks-gallery-item-hide-caption\"><div class=\"kb-gal-image-radius\"><div class=\"kb-gallery-image-contain kadence-blocks-gallery-intrinsic kb-gallery-image-ratio-inherit kb-has-image-ratio-inherit\" ><img loading=\"lazy\" decoding=\"async\" src=\"http:\/\/nils-weber-mg.de\/wp-content\/uploads\/2021\/06\/01BMW-Sattel-1024x615.png\" width=\"525\" height=\"315\" alt=\"\" data-full-image=\"http:\/\/nils-weber-mg.de\/wp-content\/uploads\/2021\/06\/01BMW-Sattel.png\" data-light-image=\"http:\/\/nils-weber-mg.de\/wp-content\/uploads\/2021\/06\/01BMW-Sattel.png\" data-id=\"504\" class=\"wp-image-504 skip-lazy\" srcset=\"https:\/\/nils-weber-mg.de\/wp-content\/uploads\/2021\/06\/01BMW-Sattel-1024x615.png 1024w, https:\/\/nils-weber-mg.de\/wp-content\/uploads\/2021\/06\/01BMW-Sattel-300x180.png 300w, https:\/\/nils-weber-mg.de\/wp-content\/uploads\/2021\/06\/01BMW-Sattel-768x461.png 768w, https:\/\/nils-weber-mg.de\/wp-content\/uploads\/2021\/06\/01BMW-Sattel-1536x922.png 1536w, https:\/\/nils-weber-mg.de\/wp-content\/uploads\/2021\/06\/01BMW-Sattel.png 2000w\" sizes=\"auto, (max-width: 525px) 100vw, 525px\" \/><\/div><\/div><\/figure><\/div><\/div><\/li><li class=\"kb-slide-item kb-gallery-slide-item splide__slide\"><div class=\"kadence-blocks-gallery-item\"><div class=\"kadence-blocks-gallery-item-inner\"><figure class=\"kb-gallery-figure kadence-blocks-gallery-item-hide-caption\"><div class=\"kb-gal-image-radius\"><div class=\"kb-gallery-image-contain kadence-blocks-gallery-intrinsic kb-gallery-image-ratio-inherit kb-has-image-ratio-inherit\" ><img loading=\"lazy\" decoding=\"async\" src=\"http:\/\/nils-weber-mg.de\/wp-content\/uploads\/2021\/06\/Galerie-Cabrio-w111-1-1024x615.png\" width=\"525\" height=\"315\" alt=\"\" data-full-image=\"http:\/\/nils-weber-mg.de\/wp-content\/uploads\/2021\/06\/Galerie-Cabrio-w111-1.png\" data-light-image=\"http:\/\/nils-weber-mg.de\/wp-content\/uploads\/2021\/06\/Galerie-Cabrio-w111-1.png\" data-id=\"386\" class=\"wp-image-386 skip-lazy\" srcset=\"https:\/\/nils-weber-mg.de\/wp-content\/uploads\/2021\/06\/Galerie-Cabrio-w111-1-1024x615.png 1024w, https:\/\/nils-weber-mg.de\/wp-content\/uploads\/2021\/06\/Galerie-Cabrio-w111-1-300x180.png 300w, https:\/\/nils-weber-mg.de\/wp-content\/uploads\/2021\/06\/Galerie-Cabrio-w111-1-768x461.png 768w, https:\/\/nils-weber-mg.de\/wp-content\/uploads\/2021\/06\/Galerie-Cabrio-w111-1-1536x922.png 1536w, https:\/\/nils-weber-mg.de\/wp-content\/uploads\/2021\/06\/Galerie-Cabrio-w111-1.png 2000w\" sizes=\"auto, (max-width: 525px) 100vw, 525px\" \/><\/div><\/div><\/figure><\/div><\/div><\/li><li class=\"kb-slide-item kb-gallery-slide-item splide__slide\"><div class=\"kadence-blocks-gallery-item\"><div class=\"kadence-blocks-gallery-item-inner\"><figure class=\"kb-gallery-figure kadence-blocks-gallery-item-hide-caption\"><div class=\"kb-gal-image-radius\"><div class=\"kb-gallery-image-contain kadence-blocks-gallery-intrinsic kb-gallery-image-ratio-inherit kb-has-image-ratio-inherit\" ><img loading=\"lazy\" decoding=\"async\" src=\"http:\/\/nils-weber-mg.de\/wp-content\/uploads\/2021\/06\/03-Oldi-Stilecht-erneuert-1024x615.png\" width=\"525\" height=\"315\" alt=\"Sattler - Produkte\" data-full-image=\"http:\/\/nils-weber-mg.de\/wp-content\/uploads\/2021\/06\/03-Oldi-Stilecht-erneuert.png\" data-light-image=\"http:\/\/nils-weber-mg.de\/wp-content\/uploads\/2021\/06\/03-Oldi-Stilecht-erneuert.png\" data-id=\"223\" class=\"wp-image-223 skip-lazy\" srcset=\"https:\/\/nils-weber-mg.de\/wp-content\/uploads\/2021\/06\/03-Oldi-Stilecht-erneuert-1024x615.png 1024w, https:\/\/nils-weber-mg.de\/wp-content\/uploads\/2021\/06\/03-Oldi-Stilecht-erneuert-300x180.png 300w, https:\/\/nils-weber-mg.de\/wp-content\/uploads\/2021\/06\/03-Oldi-Stilecht-erneuert-768x461.png 768w, https:\/\/nils-weber-mg.de\/wp-content\/uploads\/2021\/06\/03-Oldi-Stilecht-erneuert-1536x922.png 1536w, https:\/\/nils-weber-mg.de\/wp-content\/uploads\/2021\/06\/03-Oldi-Stilecht-erneuert.png 2000w\" sizes=\"auto, (max-width: 525px) 100vw, 525px\" \/><\/div><\/div><\/figure><\/div><\/div><\/li><li class=\"kb-slide-item kb-gallery-slide-item splide__slide\"><div class=\"kadence-blocks-gallery-item\"><div class=\"kadence-blocks-gallery-item-inner\"><figure class=\"kb-gallery-figure kadence-blocks-gallery-item-hide-caption\"><div class=\"kb-gal-image-radius\"><div class=\"kb-gallery-image-contain kadence-blocks-gallery-intrinsic kb-gallery-image-ratio-inherit kb-has-image-ratio-inherit\" ><img loading=\"lazy\" decoding=\"async\" src=\"http:\/\/nils-weber-mg.de\/wp-content\/uploads\/2021\/06\/02-Kanapee-1024x615.png\" width=\"525\" height=\"315\" alt=\"\" data-full-image=\"http:\/\/nils-weber-mg.de\/wp-content\/uploads\/2021\/06\/02-Kanapee.png\" data-light-image=\"http:\/\/nils-weber-mg.de\/wp-content\/uploads\/2021\/06\/02-Kanapee.png\" data-id=\"227\" class=\"wp-image-227 skip-lazy\" srcset=\"https:\/\/nils-weber-mg.de\/wp-content\/uploads\/2021\/06\/02-Kanapee-1024x615.png 1024w, https:\/\/nils-weber-mg.de\/wp-content\/uploads\/2021\/06\/02-Kanapee-300x180.png 300w, https:\/\/nils-weber-mg.de\/wp-content\/uploads\/2021\/06\/02-Kanapee-768x461.png 768w, https:\/\/nils-weber-mg.de\/wp-content\/uploads\/2021\/06\/02-Kanapee-1536x922.png 1536w, https:\/\/nils-weber-mg.de\/wp-content\/uploads\/2021\/06\/02-Kanapee.png 2000w\" sizes=\"auto, (max-width: 525px) 100vw, 525px\" \/><\/div><\/div><\/figure><\/div><\/div><\/li><li class=\"kb-slide-item kb-gallery-slide-item splide__slide\"><div class=\"kadence-blocks-gallery-item\"><div class=\"kadence-blocks-gallery-item-inner\"><figure class=\"kb-gallery-figure kadence-blocks-gallery-item-hide-caption\"><div class=\"kb-gal-image-radius\"><div class=\"kb-gallery-image-contain kadence-blocks-gallery-intrinsic kb-gallery-image-ratio-inherit kb-has-image-ratio-inherit\" ><img loading=\"lazy\" decoding=\"async\" src=\"http:\/\/nils-weber-mg.de\/wp-content\/uploads\/2021\/06\/Kanapee-Willk-1024x615.png\" width=\"525\" height=\"315\" alt=\"\" data-full-image=\"http:\/\/nils-weber-mg.de\/wp-content\/uploads\/2021\/06\/Kanapee-Willk.png\" data-light-image=\"http:\/\/nils-weber-mg.de\/wp-content\/uploads\/2021\/06\/Kanapee-Willk.png\" data-id=\"235\" class=\"wp-image-235 skip-lazy\" srcset=\"https:\/\/nils-weber-mg.de\/wp-content\/uploads\/2021\/06\/Kanapee-Willk-1024x615.png 1024w, https:\/\/nils-weber-mg.de\/wp-content\/uploads\/2021\/06\/Kanapee-Willk-300x180.png 300w, https:\/\/nils-weber-mg.de\/wp-content\/uploads\/2021\/06\/Kanapee-Willk-768x461.png 768w, https:\/\/nils-weber-mg.de\/wp-content\/uploads\/2021\/06\/Kanapee-Willk-1536x922.png 1536w, https:\/\/nils-weber-mg.de\/wp-content\/uploads\/2021\/06\/Kanapee-Willk.png 2000w\" sizes=\"auto, (max-width: 525px) 100vw, 525px\" \/><\/div><\/div><\/figure><\/div><\/div><\/li><\/ul><\/div><\/div><\/div><\/div>\n\n\n<p><a href=\"https:\/\/nils-weber-mg.de\/wp-admin\/edit.php?post_type=page\"><\/a><\/p>\n\n\n\n<p><\/p>\n\n\n\n<p style=\"text-align: justify;\"><br data-rich-text-line-break=\"true\" \/><br \/>Offenbar hat es sich herum gesprochen. Ob es Freunde im Hafen der Segeljacht waren, Fans von Cabriolet oder Oldtimer Liebhaber, alle waren begeistert. Als Sattlermeister Nils Weber ihren Sch\u00e4tzen durch Restaurationen den ehemaligen Charme zur\u00fcck verlieh, war die Freude gro\u00df. Wenn an Ihrem Schatz die <mark>Polster<\/mark> besch\u00e4digt sind oder Sie\u00a0 mit einer neuen Innenaustattung ins staunen versetzten m\u00f6chten. In seinen H\u00e4nden sind <mark>Polster<\/mark> nicht gleich <mark>Polster<\/mark>. Selbst die alte Cessna hob ab, als der Innenraum frisch frisiert allen ein L\u00e4cheln ins Gesicht zauberte. Das Ganze ist halt mehr als die Summe seiner Teile und er hat es eben drauf!<\/p>\n<p style=\"text-align: justify;\">Die Familientradition des Sattlerhandwerkes bot Nils Weber ein reichhaltiges Entwicklungsrepertoire. Das Resultat ist Vielfalt und Flexibilit\u00e4t. Die meisterliche Souver\u00e4nit\u00e4t erlangte er \u00fcber Restaurationen antiker M\u00f6bel wie Couch und Sessel oder Innenausstattungen von Oldtimern bis zu Elektroautos. Die Herausforderungen reichten von Bootausstattungen und Verdeckbau bis zu Jet-Innenausstattungen. Mit dem Meisterbrief erhielt er die Qualifikation und Anerkennung seiner Fertigkeiten, die wir allm\u00e4hlich fotografisch dokumentieren m\u00f6chten. Bei ihm geben Sie Ihre Auftr\u00e4ge in gute H\u00e4nde oder wie im Rheinland manch einer sagt; &#8222;da wird Sie geholfen&#8220;.<\/p>\n<p>E-Mail Anfragen werden ebenfalls relativ z\u00fcgig beantwortet:<\/p>\n<p>Autosattlerei-nils-weber@gmx.de<\/p>\n<p><a href=\"https:\/\/nils-weber-mg.de\/?page_id=413\"><img loading=\"lazy\" decoding=\"async\" class=\"alignnone size-full wp-image-460\" src=\"http:\/\/nils-weber-mg.de\/wp-content\/uploads\/2021\/06\/@-sattlerei.png\" alt=\"\" width=\"209\" height=\"20\" \/><\/a><\/p>\n\n\n\n<p><a href=\"https:\/\/nils-weber-mg.de\/\">Seite ansehen<\/a><\/p>\n\n\n\n<p><\/p>\n","protected":false},"excerpt":{"rendered":"<p>Einen Augenblick f\u00fcr selbstredende Produktansichten sollten Sie sich g\u00f6nnen. Offenbar hat es sich herum gesprochen. Ob es Freunde im Hafen der Segeljacht waren, Fans von Cabriolet oder Oldtimer Liebhaber, alle waren begeistert. Als Sattlermeister Nils Weber ihren Sch\u00e4tzen durch Restaurationen den ehemaligen Charme zur\u00fcck verlieh, war die Freude gro\u00df. Wenn an Ihrem Schatz die Polster &hellip; <\/p>\n<p class=\"link-more\"><a href=\"https:\/\/nils-weber-mg.de\/\" class=\"more-link\"><span class=\"screen-reader-text\">\u201eWillkommen\u201c <\/span>weiterlesen<\/a><\/p>\n","protected":false},"author":1,"featured_media":0,"parent":0,"menu_order":0,"comment_status":"closed","ping_status":"closed","template":"templates\/template-full-width.php","meta":{"footnotes":""},"class_list":["post-108","page","type-page","status-publish","hentry"],"_links":{"self":[{"href":"https:\/\/nils-weber-mg.de\/index.php?rest_route=\/wp\/v2\/pages\/108","targetHints":{"allow":["GET"]}}],"collection":[{"href":"https:\/\/nils-weber-mg.de\/index.php?rest_route=\/wp\/v2\/pages"}],"about":[{"href":"https:\/\/nils-weber-mg.de\/index.php?rest_route=\/wp\/v2\/types\/page"}],"author":[{"embeddable":true,"href":"https:\/\/nils-weber-mg.de\/index.php?rest_route=\/wp\/v2\/users\/1"}],"replies":[{"embeddable":true,"href":"https:\/\/nils-weber-mg.de\/index.php?rest_route=%2Fwp%2Fv2%2Fcomments&post=108"}],"version-history":[{"count":60,"href":"https:\/\/nils-weber-mg.de\/index.php?rest_route=\/wp\/v2\/pages\/108\/revisions"}],"predecessor-version":[{"id":571,"href":"https:\/\/nils-weber-mg.de\/index.php?rest_route=\/wp\/v2\/pages\/108\/revisions\/571"}],"wp:attachment":[{"href":"https:\/\/nils-weber-mg.de\/index.php?rest_route=%2Fwp%2Fv2%2Fmedia&parent=108"}],"curies":[{"name":"wp","href":"https:\/\/api.w.org\/{rel}","templated":true}]}}